{"id":1324,"date":"2025-04-23T06:30:26","date_gmt":"2025-04-23T04:30:26","guid":{"rendered":"https:\/\/emprevet.es\/?page_id=1324"},"modified":"2025-04-26T13:05:27","modified_gmt":"2025-04-26T11:05:27","slug":"informe-emprevet-sobre-actividad-economica-vs-empresarial-veterinaria","status":"publish","type":"page","link":"https:\/\/emprevet.es\/index.php\/posicionamiento\/informe-emprevet-sobre-actividad-economica-vs-empresarial-veterinaria\/","title":{"rendered":"Informe EmpreVet sobre actividad econ\u00f3mica vs empresarial veterinaria"},"content":{"rendered":"\t\t<div data-elementor-type=\"wp-page\" data-elementor-id=\"1324\" class=\"elementor elementor-1324\">\n\t\t\t\t<div class=\"elementor-element elementor-element-4862f4d e-flex e-con-boxed e-con e-parent\" data-id=\"4862f4d\" data-element_type=\"container\">\n\t\t\t\t\t<div class=\"e-con-inner\">\n\t\t<div class=\"elementor-element elementor-element-edcdece e-con-full e-flex e-con e-child\" data-id=\"edcdece\" data-element_type=\"container\">\n\t\t<div class=\"elementor-element elementor-element-dc168df e-con-full e-flex e-con e-child\" data-id=\"dc168df\" data-element_type=\"container\" data-settings=\"{&quot;background_background&quot;:&quot;slideshow&quot;,&quot;background_slideshow_gallery&quot;:[{&quot;id&quot;:1318,&quot;url&quot;:&quot;https:\\\/\\\/emprevet.es\\\/wp-content\\\/uploads\\\/2025\\\/04\\\/ChatGPT-Image-21-abr-2025-11_14_09.png&quot;}],&quot;background_slideshow_loop&quot;:&quot;yes&quot;,&quot;background_slideshow_slide_duration&quot;:5000,&quot;background_slideshow_slide_transition&quot;:&quot;fade&quot;,&quot;background_slideshow_transition_duration&quot;:500}\">\n\t\t\t\t<div class=\"elementor-element elementor-element-612fb7f elementor-widget elementor-widget-heading\" data-id=\"612fb7f\" data-element_type=\"widget\" data-widget_type=\"heading.default\">\n\t\t\t\t<div class=\"elementor-widget-container\">\n\t\t\t\t\t<h2 class=\"elementor-heading-title elementor-size-default\">Informe <\/h2>\t\t\t\t<\/div>\n\t\t\t\t<\/div>\n\t\t\t\t<\/div>\n\t\t\t\t<\/div>\n\t\t\t\t\t<\/div>\n\t\t\t\t<\/div>\n\t\t<div class=\"elementor-element elementor-element-ba635cd e-flex e-con-boxed e-con e-parent\" data-id=\"ba635cd\" data-element_type=\"container\">\n\t\t\t\t\t<div class=\"e-con-inner\">\n\t\t<div class=\"elementor-element elementor-element-7f9b6b2 e-con-full e-flex e-con e-child\" data-id=\"7f9b6b2\" data-element_type=\"container\">\n\t\t<div class=\"elementor-element elementor-element-d6844fb e-con-full e-flex e-con e-child\" data-id=\"d6844fb\" data-element_type=\"container\">\n\t\t\t\t<div class=\"elementor-element elementor-element-e681cce elementor-widget elementor-widget-text-editor\" data-id=\"e681cce\" data-element_type=\"widget\" data-widget_type=\"text-editor.default\">\n\t\t\t\t<div class=\"elementor-widget-container\">\n\t\t\t\t\t\t\t\t\t<p>Informe EmpreVet sobre las distorsiones creadas por la confusi\u00f3n entre la actividad profesional y econ\u00f3mica veterinaria.<\/p>\n<p><span style=\"font-style: inherit; text-align: var(--text-align);\">Versi\u00f3n: 22 de abril de 2025.<\/span><\/p>\n<p>Queremos hacer p\u00fablica la existencia de esta situaci\u00f3n, con el fin de que puedan ponerse loscmedios necesarios para revertir las distorsiones existentes y prevenirlas en las futuras normativas que se promulguen.<\/p>\n<p><!-- \/wp:paragraph --><\/p>\n<p><!-- wp:heading {\"level\":5} --><\/p>\n<p><!-- \/wp:list-item --><\/p>\n<p><!-- \/wp:list --><\/p>\t\t\t\t\t\t\t\t<\/div>\n\t\t\t\t<\/div>\n\t\t\t\t<\/div>\n\t\t\t\t<\/div>\n\t\t\t\t\t<\/div>\n\t\t\t\t<\/div>\n\t\t<div class=\"elementor-element elementor-element-2dc1859 e-flex e-con-boxed e-con e-parent\" data-id=\"2dc1859\" data-element_type=\"container\">\n\t\t\t\t\t<div class=\"e-con-inner\">\n\t\t<div class=\"elementor-element elementor-element-185e2a1 e-con-full e-flex e-con e-child\" data-id=\"185e2a1\" data-element_type=\"container\">\n\t\t<div class=\"elementor-element elementor-element-81bd0aa e-con-full e-flex e-con e-child\" data-id=\"81bd0aa\" data-element_type=\"container\">\n\t\t\t\t<div class=\"elementor-element elementor-element-b9a2398 elementor-widget__width-initial elementor-widget elementor-widget-text-editor\" data-id=\"b9a2398\" data-element_type=\"widget\" data-widget_type=\"text-editor.default\">\n\t\t\t\t<div class=\"elementor-widget-container\">\n\t\t\t\t\t\t\t\t\t<p><a href=\"https:\/\/emprevet.es\/wp-content\/uploads\/2025\/04\/EmpreVet-Confusion-Actividad-Veterinaria.pdf\">Informe<\/a><\/p>\t\t\t\t\t\t\t\t<\/div>\n\t\t\t\t<\/div>\n\t\t\t\t<\/div>\n\t\t\t\t<\/div>\n\t\t\t\t\t<\/div>\n\t\t\t\t<\/div>\n\t\t<div class=\"elementor-element elementor-element-63fd9b0 e-flex e-con-boxed e-con e-parent\" data-id=\"63fd9b0\" data-element_type=\"container\">\n\t\t\t\t\t<div class=\"e-con-inner\">\n\t\t<div class=\"elementor-element elementor-element-3411c22 e-con-full e-flex e-con e-child\" data-id=\"3411c22\" data-element_type=\"container\">\n\t\t<div class=\"elementor-element elementor-element-234b2b1 e-con-full e-flex e-con e-child\" data-id=\"234b2b1\" data-element_type=\"container\" data-settings=\"{&quot;background_background&quot;:&quot;classic&quot;}\">\n\t\t<div class=\"elementor-element elementor-element-a72fd04 e-con-full e-flex e-con e-child\" data-id=\"a72fd04\" data-element_type=\"container\">\n\t\t\t\t<div class=\"elementor-element elementor-element-486c898 elementor-widget elementor-widget-image\" data-id=\"486c898\" data-element_type=\"widget\" data-widget_type=\"image.default\">\n\t\t\t\t<div class=\"elementor-widget-container\">\n\t\t\t\t\t\t\t\t\t\t\t\t\t\t\t<img fetchpriority=\"high\" decoding=\"async\" width=\"1024\" height=\"378\" src=\"https:\/\/emprevet.es\/wp-content\/uploads\/2025\/03\/LOGO-EMPREVET-_Mesa-de-trabajo-1-copia-3-1024x378.png\" class=\"attachment-large size-large wp-image-121\" alt=\"\" srcset=\"https:\/\/emprevet.es\/wp-content\/uploads\/2025\/03\/LOGO-EMPREVET-_Mesa-de-trabajo-1-copia-3-1024x378.png 1024w, https:\/\/emprevet.es\/wp-content\/uploads\/2025\/03\/LOGO-EMPREVET-_Mesa-de-trabajo-1-copia-3-300x111.png 300w, https:\/\/emprevet.es\/wp-content\/uploads\/2025\/03\/LOGO-EMPREVET-_Mesa-de-trabajo-1-copia-3-768x283.png 768w, https:\/\/emprevet.es\/wp-content\/uploads\/2025\/03\/LOGO-EMPREVET-_Mesa-de-trabajo-1-copia-3-1536x567.png 1536w, https:\/\/emprevet.es\/wp-content\/uploads\/2025\/03\/LOGO-EMPREVET-_Mesa-de-trabajo-1-copia-3-2048x755.png 2048w\" sizes=\"(max-width: 1024px) 100vw, 1024px\" \/>\t\t\t\t\t\t\t\t\t\t\t\t\t\t\t<\/div>\n\t\t\t\t<\/div>\n\t\t\t\t<div class=\"elementor-element elementor-element-c0b6508 elementor-shape-circle elementor-grid-3 e-grid-align-left elementor-widget elementor-widget-social-icons\" data-id=\"c0b6508\" data-element_type=\"widget\" data-widget_type=\"social-icons.default\">\n\t\t\t\t<div class=\"elementor-widget-container\">\n\t\t\t\t\t\t\t<div class=\"elementor-social-icons-wrapper elementor-grid\">\n\t\t\t\t\t\t\t<span class=\"elementor-grid-item\">\n\t\t\t\t\t<a class=\"elementor-icon elementor-social-icon elementor-social-icon-x-twitter elementor-repeater-item-461a0fd\" href=\"https:\/\/x.com\/emprevet1\" target=\"_blank\">\n\t\t\t\t\t\t<span class=\"elementor-screen-only\">X-twitter<\/span>\n\t\t\t\t\t\t<svg class=\"e-font-icon-svg e-fab-x-twitter\" viewBox=\"0 0 512 512\" xmlns=\"http:\/\/www.w3.org\/2000\/svg\"><path d=\"M389.2 48h70.6L305.6 224.2 487 464H345L233.7 318.6 106.5 464H35.8L200.7 275.5 26.8 48H172.4L272.9 180.9 389.2 48zM364.4 421.8h39.1L151.1 88h-42L364.4 421.8z\"><\/path><\/svg>\t\t\t\t\t<\/a>\n\t\t\t\t<\/span>\n\t\t\t\t\t\t\t<span class=\"elementor-grid-item\">\n\t\t\t\t\t<a class=\"elementor-icon elementor-social-icon elementor-social-icon-linkedin elementor-repeater-item-60ec00a\" href=\"https:\/\/www.linkedin.com\/company\/empresas-veterinarias\" target=\"_blank\">\n\t\t\t\t\t\t<span class=\"elementor-screen-only\">Linkedin<\/span>\n\t\t\t\t\t\t<svg class=\"e-font-icon-svg e-fab-linkedin\" viewBox=\"0 0 448 512\" xmlns=\"http:\/\/www.w3.org\/2000\/svg\"><path d=\"M416 32H31.9C14.3 32 0 46.5 0 64.3v383.4C0 465.5 14.3 480 31.9 480H416c17.6 0 32-14.5 32-32.3V64.3c0-17.8-14.4-32.3-32-32.3zM135.4 416H69V202.2h66.5V416zm-33.2-243c-21.3 0-38.5-17.3-38.5-38.5S80.9 96 102.2 96c21.2 0 38.5 17.3 38.5 38.5 0 21.3-17.2 38.5-38.5 38.5zm282.1 243h-66.4V312c0-24.8-.5-56.7-34.5-56.7-34.6 0-39.9 27-39.9 54.9V416h-66.4V202.2h63.7v29.2h.9c8.9-16.8 30.6-34.5 62.9-34.5 67.2 0 79.7 44.3 79.7 101.9V416z\"><\/path><\/svg>\t\t\t\t\t<\/a>\n\t\t\t\t<\/span>\n\t\t\t\t\t<\/div>\n\t\t\t\t\t\t<\/div>\n\t\t\t\t<\/div>\n\t\t\t\t<\/div>\n\t\t<div class=\"elementor-element elementor-element-3c46a89 e-con-full e-flex e-con e-child\" data-id=\"3c46a89\" data-element_type=\"container\">\n\t\t\t\t<div class=\"elementor-element elementor-element-c4cf3f9 elementor-widget elementor-widget-text-editor\" data-id=\"c4cf3f9\" data-element_type=\"widget\" data-widget_type=\"text-editor.default\">\n\t\t\t\t<div class=\"elementor-widget-container\">\n\t\t\t\t\t\t\t\t\t<p><strong>INICIO<\/strong><\/p><p><a href=\"https:\/\/emprevet.es\/index.php\/quienes-somos\/\"><span style=\"color: #ffffff;\">Qui\u00e9nes somos<\/span><\/a><\/p><p><span style=\"color: #ffffff;\"><a style=\"color: #ffffff;\" href=\"https:\/\/emprevet.es\/index.php\/posicionamiento\/manifiesto-emprevet\/\">Posicionamiento<\/a><\/span><\/p><p><span style=\"color: #ffffff;\"><a style=\"color: #ffffff;\" href=\"https:\/\/emprevet.es\/index.php\/servicios-y-beneficios\/\">Beneficios<\/a><\/span><\/p><p><span style=\"color: #ffffff;\"><a style=\"color: #ffffff;\" href=\"https:\/\/emprevet.es\/index.php\/noticias\/\">Not\u00edcias<\/a><\/span><\/p><p><span style=\"color: #ffffff;\"><a style=\"color: #ffffff;\" href=\"https:\/\/emprevet.es\/index.php\/contacto\/\">Contacto<\/a><\/span><\/p><p>\u00a0<\/p>\t\t\t\t\t\t\t\t<\/div>\n\t\t\t\t<\/div>\n\t\t\t\t<\/div>\n\t\t<div class=\"elementor-element elementor-element-3ea425f e-con-full e-flex e-con e-child\" data-id=\"3ea425f\" data-element_type=\"container\">\n\t\t\t\t<div class=\"elementor-element elementor-element-b7ce598 elementor-widget__width-initial elementor-widget-tablet__width-initial elementor-widget elementor-widget-text-editor\" data-id=\"b7ce598\" data-element_type=\"widget\" data-widget_type=\"text-editor.default\">\n\t\t\t\t<div class=\"elementor-widget-container\">\n\t\t\t\t\t\t\t\t\t<p><strong>T\u00c9RMINOS<\/strong><\/p>\n<p><span style=\"color: #ffffff;\"><a style=\"color: #ffffff;\" href=\"https:\/\/emprevet.es\/wp-content\/uploads\/2025\/03\/EMPRESAS_VETERINARIAS-EMPREVET_Politica_de_PRIVACIDAD.pdf\">Pol\u00edtica de privacidad<\/a><\/span><\/p>\n<p><span style=\"color: #ffffff;\"><a style=\"color: #ffffff;\" href=\"https:\/\/emprevet.es\/wp-content\/uploads\/2025\/03\/EMPRESAS_VETERINARIAS-EMPREVET_Aviso_legal-1.pdf\">Aviso Legal<\/a><\/span><\/p>\n<p><span style=\"color: #ffffff;\"><a style=\"color: #ffffff;\" href=\"https:\/\/emprevet.es\/wp-content\/uploads\/2025\/03\/EMPRESAS_VETERINARIAS-EMPREVET_Politica_de_PRIVACIDAD_en_redes_sociales.pdf\">Pol\u00edtica de privacidad de RRSS<\/a><\/span><\/p>\t\t\t\t\t\t\t\t<\/div>\n\t\t\t\t<\/div>\n\t\t\t\t<\/div>\n\t\t<div class=\"elementor-element elementor-element-7139a2f e-con-full e-flex e-con e-child\" data-id=\"7139a2f\" data-element_type=\"container\">\n\t\t\t\t<div class=\"elementor-element elementor-element-daaf193 elementor-widget elementor-widget-text-editor\" data-id=\"daaf193\" data-element_type=\"widget\" data-widget_type=\"text-editor.default\">\n\t\t\t\t<div class=\"elementor-widget-container\">\n\t\t\t\t\t\t\t\t\t<p><strong>CONTACTO<\/strong><\/p>\n<p><span style=\"font-weight: 400;\">emprevet@emprevet.es<\/span><\/p>\n<p><span style=\"font-weight: 400;\">Empresas Veterinarias&nbsp;<\/span><\/p>\n<p><span style=\"font-weight: 400;\">G16465031<\/span><\/p>\n<p><span style=\"font-weight: 400;\">Avda. de Laza 82. 32600 &#8211; Ver\u00edn (Ourense)<\/span><\/p>\t\t\t\t\t\t\t\t<\/div>\n\t\t\t\t<\/div>\n\t\t\t\t<\/div>\n\t\t\t\t<\/div>\n\t\t\t\t<\/div>\n\t\t\t\t\t<\/div>\n\t\t\t\t<\/div>\n\t\t\t\t<\/div>\n\t\t","protected":false},"excerpt":{"rendered":"<p>Informe Informe EmpreVet sobre las distorsiones creadas por la confusi\u00f3n entre la actividad profesional y econ\u00f3mica veterinaria. Versi\u00f3n: 22 de [&hellip;]<\/p>\n","protected":false},"author":5,"featured_media":0,"parent":635,"menu_order":0,"comment_status":"closed","ping_status":"closed","template":"","meta":{"site-sidebar-layout":"no-sidebar","site-content-layout":"","ast-site-content-layout":"full-width-container","site-content-style":"default","site-sidebar-style":"default","ast-global-header-display":"","ast-banner-title-visibility":"","ast-main-header-display":"","ast-hfb-above-header-display":"","ast-hfb-below-header-display":"","ast-hfb-mobile-header-display":"","site-post-title":"disabled","ast-breadcrumbs-content":"","ast-featured-img":"disabled","footer-sml-layout":"","theme-transparent-header-meta":"","adv-header-id-meta":"","stick-header-meta":"","header-above-stick-meta":"","header-main-stick-meta":"","header-below-stick-meta":"","astra-migrate-meta-layouts":"default","ast-page-background-enabled":"default","ast-page-background-meta":{"desktop":{"background-color":"var(--ast-global-color-5)","background-image":"","background-repeat":"repeat","background-position":"center center","background-size":"auto","background-attachment":"scroll","background-type":"","background-media":"","overlay-type":"","overlay-color":"","overlay-opacity":"","overlay-gradient":""},"tablet":{"background-color":"","background-image":"","background-repeat":"repeat","background-position":"center center","background-size":"auto","background-attachment":"scroll","background-type":"","background-media":"","overlay-type":"","overlay-color":"","overlay-opacity":"","overlay-gradient":""},"mobile":{"background-color":"","background-image":"","background-repeat":"repeat","background-position":"center center","background-size":"auto","background-attachment":"scroll","background-type":"","background-media":"","overlay-type":"","overlay-color":"","overlay-opacity":"","overlay-gradient":""}},"ast-content-background-meta":{"desktop":{"background-color":"var(--ast-global-color-4)","background-image":"","background-repeat":"repeat","background-position":"center center","background-size":"auto","background-attachment":"scroll","background-type":"","background-media":"","overlay-type":"","overlay-color":"","overlay-opacity":"","overlay-gradient":""},"tablet":{"background-color":"var(--ast-global-color-4)","background-image":"","background-repeat":"repeat","background-position":"center center","background-size":"auto","background-attachment":"scroll","background-type":"","background-media":"","overlay-type":"","overlay-color":"","overlay-opacity":"","overlay-gradient":""},"mobile":{"background-color":"var(--ast-global-color-4)","background-image":"","background-repeat":"repeat","background-position":"center center","background-size":"auto","background-attachment":"scroll","background-type":"","background-media":"","overlay-type":"","overlay-color":"","overlay-opacity":"","overlay-gradient":""}},"footnotes":""},"class_list":["post-1324","page","type-page","status-publish","hentry"],"_links":{"self":[{"href":"https:\/\/emprevet.es\/index.php\/wp-json\/wp\/v2\/pages\/1324","targetHints":{"allow":["GET"]}}],"collection":[{"href":"https:\/\/emprevet.es\/index.php\/wp-json\/wp\/v2\/pages"}],"about":[{"href":"https:\/\/emprevet.es\/index.php\/wp-json\/wp\/v2\/types\/page"}],"author":[{"embeddable":true,"href":"https:\/\/emprevet.es\/index.php\/wp-json\/wp\/v2\/users\/5"}],"replies":[{"embeddable":true,"href":"https:\/\/emprevet.es\/index.php\/wp-json\/wp\/v2\/comments?post=1324"}],"version-history":[{"count":18,"href":"https:\/\/emprevet.es\/index.php\/wp-json\/wp\/v2\/pages\/1324\/revisions"}],"predecessor-version":[{"id":1360,"href":"https:\/\/emprevet.es\/index.php\/wp-json\/wp\/v2\/pages\/1324\/revisions\/1360"}],"up":[{"embeddable":true,"href":"https:\/\/emprevet.es\/index.php\/wp-json\/wp\/v2\/pages\/635"}],"wp:attachment":[{"href":"https:\/\/emprevet.es\/index.php\/wp-json\/wp\/v2\/media?parent=1324"}],"curies":[{"name":"wp","href":"https:\/\/api.w.org\/{rel}","templated":true}]}}