{"id":1378,"date":"2025-04-30T07:52:32","date_gmt":"2025-04-30T05:52:32","guid":{"rendered":"https:\/\/emprevet.es\/?page_id=1378"},"modified":"2025-04-30T07:58:15","modified_gmt":"2025-04-30T05:58:15","slug":"informe-emprevet-sobre-la-dispensacion-exclusiva-por-los-veterinarios-duplicado-1364","status":"publish","type":"page","link":"https:\/\/emprevet.es\/index.php\/posicionamiento\/informe-emprevet-sobre-la-dispensacion-exclusiva-por-los-veterinarios-duplicado-1364\/","title":{"rendered":"Informe EmpreVet de la obligatoriedad de la prescripci\u00f3n de antibi\u00f3ticos por categor\u00edas"},"content":{"rendered":"\t\t<div data-elementor-type=\"wp-page\" data-elementor-id=\"1378\" class=\"elementor elementor-1378\">\n\t\t\t\t<div class=\"elementor-element elementor-element-2332b82 e-flex e-con-boxed e-con e-parent\" data-id=\"2332b82\" data-element_type=\"container\">\n\t\t\t\t\t<div class=\"e-con-inner\">\n\t\t<div class=\"elementor-element elementor-element-e956d53 e-con-full e-flex e-con e-child\" data-id=\"e956d53\" data-element_type=\"container\" data-settings=\"{&quot;background_background&quot;:&quot;slideshow&quot;,&quot;background_slideshow_gallery&quot;:[{&quot;id&quot;:1318,&quot;url&quot;:&quot;https:\\\/\\\/emprevet.es\\\/wp-content\\\/uploads\\\/2025\\\/04\\\/ChatGPT-Image-21-abr-2025-11_14_09.png&quot;}],&quot;background_slideshow_loop&quot;:&quot;yes&quot;,&quot;background_slideshow_slide_duration&quot;:5000,&quot;background_slideshow_slide_transition&quot;:&quot;fade&quot;,&quot;background_slideshow_transition_duration&quot;:500}\">\n\t\t\t\t<div class=\"elementor-element elementor-element-dd5304e elementor-widget elementor-widget-heading\" data-id=\"dd5304e\" data-element_type=\"widget\" data-widget_type=\"heading.default\">\n\t\t\t\t<div class=\"elementor-widget-container\">\n\t\t\t\t\t<h2 class=\"elementor-heading-title elementor-size-default\">Informe <\/h2>\t\t\t\t<\/div>\n\t\t\t\t<\/div>\n\t\t\t\t<\/div>\n\t\t\t\t\t<\/div>\n\t\t\t\t<\/div>\n\t\t<div class=\"elementor-element elementor-element-3312f11 e-flex e-con-boxed e-con e-parent\" data-id=\"3312f11\" data-element_type=\"container\">\n\t\t\t\t\t<div class=\"e-con-inner\">\n\t\t<div class=\"elementor-element elementor-element-36cdc5f e-con-full e-flex e-con e-child\" data-id=\"36cdc5f\" data-element_type=\"container\">\n\t\t\t\t<div class=\"elementor-element elementor-element-858b53c elementor-widget elementor-widget-text-editor\" data-id=\"858b53c\" data-element_type=\"widget\" data-widget_type=\"text-editor.default\">\n\t\t\t\t<div class=\"elementor-widget-container\">\n\t\t\t\t\t\t\t\t\t<p>Informe EmpreVet de la obligatoriedad de la prescripci\u00f3n de acuerdo con las categor\u00edas de antibi\u00f3ticos recomendadas por la EMA.<\/p>\n<p>Versi\u00f3n: 28 de abril de 2025.<\/p>\n<p>En la mayor\u00eda de los Estados miembros de la UE la categorizaci\u00f3n de los antibi\u00f3ticos de uso en animales es \u00fanicamente una recomendaci\u00f3n de uso emitida por la Agencia Europea de Medicamentos (EMA).<\/p>\n<p>\u00danicamente en B\u00e9lgica, Dinamarca, Espa\u00f1a, Francia y los Pa\u00edses Bajos existe una regulaci\u00f3n que impone ciertas obligaciones en la prescripci\u00f3n de estos medicamentos.<\/p>\n<p>De todos los pa\u00edses que tienen directrices obligatorias, \u00fanicamente Espa\u00f1a las ha impuesto despu\u00e9s de que la EMA estableciese la recomendaci\u00f3n de categorizaci\u00f3n. Los otros pa\u00edses han modificado sus legislaciones previas para adaptarse a ellas, manteniendo las regulaciones que ya ten\u00edan vigentes.<\/p>\n<p><!-- \/wp:paragraph --><\/p>\n<p><!-- wp:heading {\"level\":5} --><\/p>\n<p><!-- \/wp:list-item --><\/p>\n<p><!-- \/wp:list --><\/p>\t\t\t\t\t\t\t\t<\/div>\n\t\t\t\t<\/div>\n\t\t\t\t<\/div>\n\t\t\t\t\t<\/div>\n\t\t\t\t<\/div>\n\t\t<div class=\"elementor-element elementor-element-f064b75 e-flex e-con-boxed e-con e-parent\" data-id=\"f064b75\" data-element_type=\"container\">\n\t\t\t\t\t<div class=\"e-con-inner\">\n\t\t<div class=\"elementor-element elementor-element-671c9b9 e-con-full e-flex e-con e-child\" data-id=\"671c9b9\" data-element_type=\"container\">\n\t\t\t\t<div class=\"elementor-element elementor-element-89d6f6d elementor-widget__width-initial elementor-widget elementor-widget-text-editor\" data-id=\"89d6f6d\" data-element_type=\"widget\" data-widget_type=\"text-editor.default\">\n\t\t\t\t<div class=\"elementor-widget-container\">\n\t\t\t\t\t\t\t\t\t<p><a href=\"https:\/\/emprevet.es\/wp-content\/uploads\/2025\/04\/Emprevet-categorizacion-antibioticos-veterinarios.pdf\">Informe<\/a><\/p>\t\t\t\t\t\t\t\t<\/div>\n\t\t\t\t<\/div>\n\t\t\t\t<\/div>\n\t\t\t\t\t<\/div>\n\t\t\t\t<\/div>\n\t\t<div class=\"elementor-element elementor-element-e0b82c4 e-flex e-con-boxed e-con e-parent\" data-id=\"e0b82c4\" data-element_type=\"container\">\n\t\t\t\t\t<div class=\"e-con-inner\">\n\t\t<div class=\"elementor-element elementor-element-523dc9d e-con-full e-flex e-con e-child\" data-id=\"523dc9d\" data-element_type=\"container\" data-settings=\"{&quot;background_background&quot;:&quot;classic&quot;}\">\n\t\t<div class=\"elementor-element elementor-element-eb917de e-con-full e-flex e-con e-child\" data-id=\"eb917de\" data-element_type=\"container\">\n\t\t\t\t<div class=\"elementor-element elementor-element-98c0abe elementor-widget elementor-widget-image\" data-id=\"98c0abe\" data-element_type=\"widget\" data-widget_type=\"image.default\">\n\t\t\t\t<div class=\"elementor-widget-container\">\n\t\t\t\t\t\t\t\t\t\t\t\t\t\t\t<img fetchpriority=\"high\" decoding=\"async\" width=\"1024\" height=\"378\" src=\"https:\/\/emprevet.es\/wp-content\/uploads\/2025\/03\/LOGO-EMPREVET-_Mesa-de-trabajo-1-copia-3-1024x378.png\" class=\"attachment-large size-large wp-image-121\" alt=\"\" srcset=\"https:\/\/emprevet.es\/wp-content\/uploads\/2025\/03\/LOGO-EMPREVET-_Mesa-de-trabajo-1-copia-3-1024x378.png 1024w, https:\/\/emprevet.es\/wp-content\/uploads\/2025\/03\/LOGO-EMPREVET-_Mesa-de-trabajo-1-copia-3-300x111.png 300w, https:\/\/emprevet.es\/wp-content\/uploads\/2025\/03\/LOGO-EMPREVET-_Mesa-de-trabajo-1-copia-3-768x283.png 768w, https:\/\/emprevet.es\/wp-content\/uploads\/2025\/03\/LOGO-EMPREVET-_Mesa-de-trabajo-1-copia-3-1536x567.png 1536w, https:\/\/emprevet.es\/wp-content\/uploads\/2025\/03\/LOGO-EMPREVET-_Mesa-de-trabajo-1-copia-3-2048x755.png 2048w\" sizes=\"(max-width: 1024px) 100vw, 1024px\" \/>\t\t\t\t\t\t\t\t\t\t\t\t\t\t\t<\/div>\n\t\t\t\t<\/div>\n\t\t\t\t<div class=\"elementor-element elementor-element-db9a98d elementor-shape-circle elementor-grid-3 e-grid-align-left elementor-widget elementor-widget-social-icons\" data-id=\"db9a98d\" data-element_type=\"widget\" data-widget_type=\"social-icons.default\">\n\t\t\t\t<div class=\"elementor-widget-container\">\n\t\t\t\t\t\t\t<div class=\"elementor-social-icons-wrapper elementor-grid\">\n\t\t\t\t\t\t\t<span class=\"elementor-grid-item\">\n\t\t\t\t\t<a class=\"elementor-icon elementor-social-icon elementor-social-icon-x-twitter elementor-repeater-item-461a0fd\" href=\"https:\/\/x.com\/emprevet1\" target=\"_blank\">\n\t\t\t\t\t\t<span class=\"elementor-screen-only\">X-twitter<\/span>\n\t\t\t\t\t\t<svg class=\"e-font-icon-svg e-fab-x-twitter\" viewBox=\"0 0 512 512\" xmlns=\"http:\/\/www.w3.org\/2000\/svg\"><path d=\"M389.2 48h70.6L305.6 224.2 487 464H345L233.7 318.6 106.5 464H35.8L200.7 275.5 26.8 48H172.4L272.9 180.9 389.2 48zM364.4 421.8h39.1L151.1 88h-42L364.4 421.8z\"><\/path><\/svg>\t\t\t\t\t<\/a>\n\t\t\t\t<\/span>\n\t\t\t\t\t\t\t<span class=\"elementor-grid-item\">\n\t\t\t\t\t<a class=\"elementor-icon elementor-social-icon elementor-social-icon-linkedin elementor-repeater-item-60ec00a\" href=\"https:\/\/www.linkedin.com\/company\/empresas-veterinarias\" target=\"_blank\">\n\t\t\t\t\t\t<span class=\"elementor-screen-only\">Linkedin<\/span>\n\t\t\t\t\t\t<svg class=\"e-font-icon-svg e-fab-linkedin\" viewBox=\"0 0 448 512\" xmlns=\"http:\/\/www.w3.org\/2000\/svg\"><path d=\"M416 32H31.9C14.3 32 0 46.5 0 64.3v383.4C0 465.5 14.3 480 31.9 480H416c17.6 0 32-14.5 32-32.3V64.3c0-17.8-14.4-32.3-32-32.3zM135.4 416H69V202.2h66.5V416zm-33.2-243c-21.3 0-38.5-17.3-38.5-38.5S80.9 96 102.2 96c21.2 0 38.5 17.3 38.5 38.5 0 21.3-17.2 38.5-38.5 38.5zm282.1 243h-66.4V312c0-24.8-.5-56.7-34.5-56.7-34.6 0-39.9 27-39.9 54.9V416h-66.4V202.2h63.7v29.2h.9c8.9-16.8 30.6-34.5 62.9-34.5 67.2 0 79.7 44.3 79.7 101.9V416z\"><\/path><\/svg>\t\t\t\t\t<\/a>\n\t\t\t\t<\/span>\n\t\t\t\t\t<\/div>\n\t\t\t\t\t\t<\/div>\n\t\t\t\t<\/div>\n\t\t\t\t<\/div>\n\t\t<div class=\"elementor-element elementor-element-f4d48f0 e-con-full e-flex e-con e-child\" data-id=\"f4d48f0\" data-element_type=\"container\">\n\t\t\t\t<div class=\"elementor-element elementor-element-9dc8567 elementor-widget elementor-widget-text-editor\" data-id=\"9dc8567\" data-element_type=\"widget\" data-widget_type=\"text-editor.default\">\n\t\t\t\t<div class=\"elementor-widget-container\">\n\t\t\t\t\t\t\t\t\t<p><strong>INICIO<\/strong><\/p><p><a href=\"https:\/\/emprevet.es\/index.php\/quienes-somos\/\"><span style=\"color: #ffffff;\">Qui\u00e9nes somos<\/span><\/a><\/p><p><span style=\"color: #ffffff;\"><a style=\"color: #ffffff;\" href=\"https:\/\/emprevet.es\/index.php\/posicionamiento\/manifiesto-emprevet\/\">Posicionamiento<\/a><\/span><\/p><p><span style=\"color: #ffffff;\"><a style=\"color: #ffffff;\" href=\"https:\/\/emprevet.es\/index.php\/servicios-y-beneficios\/\">Beneficios<\/a><\/span><\/p><p><span style=\"color: #ffffff;\"><a style=\"color: #ffffff;\" href=\"https:\/\/emprevet.es\/index.php\/noticias\/\">Not\u00edcias<\/a><\/span><\/p><p><span style=\"color: #ffffff;\"><a style=\"color: #ffffff;\" href=\"https:\/\/emprevet.es\/index.php\/contacto\/\">Contacto<\/a><\/span><\/p><p>\u00a0<\/p>\t\t\t\t\t\t\t\t<\/div>\n\t\t\t\t<\/div>\n\t\t\t\t<\/div>\n\t\t<div class=\"elementor-element elementor-element-45b7505 e-con-full e-flex e-con e-child\" data-id=\"45b7505\" data-element_type=\"container\">\n\t\t\t\t<div class=\"elementor-element elementor-element-6ab390f elementor-widget__width-initial elementor-widget-tablet__width-initial elementor-widget elementor-widget-text-editor\" data-id=\"6ab390f\" data-element_type=\"widget\" data-widget_type=\"text-editor.default\">\n\t\t\t\t<div class=\"elementor-widget-container\">\n\t\t\t\t\t\t\t\t\t<p><strong>T\u00c9RMINOS<\/strong><\/p>\n<p><span style=\"color: #ffffff;\"><a style=\"color: #ffffff;\" href=\"https:\/\/emprevet.es\/wp-content\/uploads\/2025\/03\/EMPRESAS_VETERINARIAS-EMPREVET_Politica_de_PRIVACIDAD.pdf\">Pol\u00edtica de privacidad<\/a><\/span><\/p>\n<p><span style=\"color: #ffffff;\"><a style=\"color: #ffffff;\" href=\"https:\/\/emprevet.es\/wp-content\/uploads\/2025\/03\/EMPRESAS_VETERINARIAS-EMPREVET_Aviso_legal-1.pdf\">Aviso Legal<\/a><\/span><\/p>\n<p><span style=\"color: #ffffff;\"><a style=\"color: #ffffff;\" href=\"https:\/\/emprevet.es\/wp-content\/uploads\/2025\/03\/EMPRESAS_VETERINARIAS-EMPREVET_Politica_de_PRIVACIDAD_en_redes_sociales.pdf\">Pol\u00edtica de privacidad de RRSS<\/a><\/span><\/p>\t\t\t\t\t\t\t\t<\/div>\n\t\t\t\t<\/div>\n\t\t\t\t<\/div>\n\t\t<div class=\"elementor-element elementor-element-fc07336 e-con-full e-flex e-con e-child\" data-id=\"fc07336\" data-element_type=\"container\">\n\t\t\t\t<div class=\"elementor-element elementor-element-1520126 elementor-widget elementor-widget-text-editor\" data-id=\"1520126\" data-element_type=\"widget\" data-widget_type=\"text-editor.default\">\n\t\t\t\t<div class=\"elementor-widget-container\">\n\t\t\t\t\t\t\t\t\t<p><strong>CONTACTO<\/strong><\/p>\n<p><span style=\"font-weight: 400;\">emprevet@emprevet.es<\/span><\/p>\n<p><span style=\"font-weight: 400;\">Empresas Veterinarias&nbsp;<\/span><\/p>\n<p><span style=\"font-weight: 400;\">G16465031<\/span><\/p>\n<p><span style=\"font-weight: 400;\">Avda. de Laza 82. 32600 &#8211; Ver\u00edn (Ourense)<\/span><\/p>\t\t\t\t\t\t\t\t<\/div>\n\t\t\t\t<\/div>\n\t\t\t\t<\/div>\n\t\t\t\t<\/div>\n\t\t\t\t\t<\/div>\n\t\t\t\t<\/div>\n\t\t\t\t<\/div>\n\t\t","protected":false},"excerpt":{"rendered":"<p>Informe Informe EmpreVet de la obligatoriedad de la prescripci\u00f3n de acuerdo con las categor\u00edas de antibi\u00f3ticos recomendadas por la EMA. [&hellip;]<\/p>\n","protected":false},"author":5,"featured_media":0,"parent":635,"menu_order":0,"comment_status":"closed","ping_status":"closed","template":"","meta":{"site-sidebar-layout":"no-sidebar","site-content-layout":"","ast-site-content-layout":"full-width-container","site-content-style":"default","site-sidebar-style":"default","ast-global-header-display":"","ast-banner-title-visibility":"","ast-main-header-display":"","ast-hfb-above-header-display":"","ast-hfb-below-header-display":"","ast-hfb-mobile-header-display":"","site-post-title":"disabled","ast-breadcrumbs-content":"","ast-featured-img":"disabled","footer-sml-layout":"","theme-transparent-header-meta":"","adv-header-id-meta":"","stick-header-meta":"","header-above-stick-meta":"","header-main-stick-meta":"","header-below-stick-meta":"","astra-migrate-meta-layouts":"default","ast-page-background-enabled":"default","ast-page-background-meta":{"desktop":{"background-color":"var(--ast-global-color-5)","background-image":"","background-repeat":"repeat","background-position":"center center","background-size":"auto","background-attachment":"scroll","background-type":"","background-media":"","overlay-type":"","overlay-color":"","overlay-opacity":"","overlay-gradient":""},"tablet":{"background-color":"","background-image":"","background-repeat":"repeat","background-position":"center center","background-size":"auto","background-attachment":"scroll","background-type":"","background-media":"","overlay-type":"","overlay-color":"","overlay-opacity":"","overlay-gradient":""},"mobile":{"background-color":"","background-image":"","background-repeat":"repeat","background-position":"center center","background-size":"auto","background-attachment":"scroll","background-type":"","background-media":"","overlay-type":"","overlay-color":"","overlay-opacity":"","overlay-gradient":""}},"ast-content-background-meta":{"desktop":{"background-color":"var(--ast-global-color-4)","background-image":"","background-repeat":"repeat","background-position":"center center","background-size":"auto","background-attachment":"scroll","background-type":"","background-media":"","overlay-type":"","overlay-color":"","overlay-opacity":"","overlay-gradient":""},"tablet":{"background-color":"var(--ast-global-color-4)","background-image":"","background-repeat":"repeat","background-position":"center center","background-size":"auto","background-attachment":"scroll","background-type":"","background-media":"","overlay-type":"","overlay-color":"","overlay-opacity":"","overlay-gradient":""},"mobile":{"background-color":"var(--ast-global-color-4)","background-image":"","background-repeat":"repeat","background-position":"center center","background-size":"auto","background-attachment":"scroll","background-type":"","background-media":"","overlay-type":"","overlay-color":"","overlay-opacity":"","overlay-gradient":""}},"footnotes":""},"class_list":["post-1378","page","type-page","status-publish","hentry"],"_links":{"self":[{"href":"https:\/\/emprevet.es\/index.php\/wp-json\/wp\/v2\/pages\/1378","targetHints":{"allow":["GET"]}}],"collection":[{"href":"https:\/\/emprevet.es\/index.php\/wp-json\/wp\/v2\/pages"}],"about":[{"href":"https:\/\/emprevet.es\/index.php\/wp-json\/wp\/v2\/types\/page"}],"author":[{"embeddable":true,"href":"https:\/\/emprevet.es\/index.php\/wp-json\/wp\/v2\/users\/5"}],"replies":[{"embeddable":true,"href":"https:\/\/emprevet.es\/index.php\/wp-json\/wp\/v2\/comments?post=1378"}],"version-history":[{"count":7,"href":"https:\/\/emprevet.es\/index.php\/wp-json\/wp\/v2\/pages\/1378\/revisions"}],"predecessor-version":[{"id":1388,"href":"https:\/\/emprevet.es\/index.php\/wp-json\/wp\/v2\/pages\/1378\/revisions\/1388"}],"up":[{"embeddable":true,"href":"https:\/\/emprevet.es\/index.php\/wp-json\/wp\/v2\/pages\/635"}],"wp:attachment":[{"href":"https:\/\/emprevet.es\/index.php\/wp-json\/wp\/v2\/media?parent=1378"}],"curies":[{"name":"wp","href":"https:\/\/api.w.org\/{rel}","templated":true}]}}