{"id":635,"date":"2025-03-13T15:30:27","date_gmt":"2025-03-13T14:30:27","guid":{"rendered":"https:\/\/emprevet.es\/?page_id=635"},"modified":"2025-04-30T16:15:48","modified_gmt":"2025-04-30T14:15:48","slug":"posicionamiento","status":"publish","type":"page","link":"https:\/\/emprevet.es\/index.php\/posicionamiento\/","title":{"rendered":"Posicionamiento"},"content":{"rendered":"\t\t<div data-elementor-type=\"wp-page\" data-elementor-id=\"635\" class=\"elementor elementor-635\">\n\t\t\t\t<div class=\"elementor-element elementor-element-5571035 e-flex e-con-boxed e-con e-parent\" data-id=\"5571035\" data-element_type=\"container\">\n\t\t\t\t\t<div class=\"e-con-inner\">\n\t\t<div class=\"elementor-element elementor-element-b05fc92 e-con-full e-flex e-con e-child\" data-id=\"b05fc92\" data-element_type=\"container\">\n\t\t\t\t<div class=\"elementor-element elementor-element-3dd97f4 elementor-widget elementor-widget-image\" data-id=\"3dd97f4\" data-element_type=\"widget\" data-widget_type=\"image.default\">\n\t\t\t\t<div class=\"elementor-widget-container\">\n\t\t\t\t\t\t\t\t\t\t\t\t\t\t\t<img fetchpriority=\"high\" decoding=\"async\" width=\"683\" height=\"1024\" src=\"https:\/\/emprevet.es\/wp-content\/uploads\/2025\/03\/sincerely-media-EtyBBUByPSQ-unsplash-683x1024.jpg\" class=\"attachment-large size-large wp-image-848\" alt=\"\" srcset=\"https:\/\/emprevet.es\/wp-content\/uploads\/2025\/03\/sincerely-media-EtyBBUByPSQ-unsplash-683x1024.jpg 683w, https:\/\/emprevet.es\/wp-content\/uploads\/2025\/03\/sincerely-media-EtyBBUByPSQ-unsplash-200x300.jpg 200w, https:\/\/emprevet.es\/wp-content\/uploads\/2025\/03\/sincerely-media-EtyBBUByPSQ-unsplash-768x1152.jpg 768w, https:\/\/emprevet.es\/wp-content\/uploads\/2025\/03\/sincerely-media-EtyBBUByPSQ-unsplash-1024x1536.jpg 1024w, https:\/\/emprevet.es\/wp-content\/uploads\/2025\/03\/sincerely-media-EtyBBUByPSQ-unsplash-1365x2048.jpg 1365w, https:\/\/emprevet.es\/wp-content\/uploads\/2025\/03\/sincerely-media-EtyBBUByPSQ-unsplash-scaled.jpg 1707w\" sizes=\"(max-width: 683px) 100vw, 683px\" \/>\t\t\t\t\t\t\t\t\t\t\t\t\t\t\t<\/div>\n\t\t\t\t<\/div>\n\t\t\t\t<\/div>\n\t\t<div class=\"elementor-element elementor-element-301955a e-con-full e-flex e-con e-child\" data-id=\"301955a\" data-element_type=\"container\">\n\t\t\t\t<div class=\"elementor-element elementor-element-2e27fe1 elementor-widget elementor-widget-text-editor\" data-id=\"2e27fe1\" data-element_type=\"widget\" data-widget_type=\"text-editor.default\">\n\t\t\t\t<div class=\"elementor-widget-container\">\n\t\t\t\t\t\t\t\t\t<h3><span style=\"color: #49b489;\">Posicionamiento<\/span><\/h3><p class=\"p1\"><span style=\"color: #000000;\">En este espacio encontrar\u00e1s los <span class=\"s1\"><b>acuerdos, manifiestos y declaraciones p\u00fablicas<\/b><\/span> que Emprevet publica como parte de su actividad. Esta secci\u00f3n recoge la voz colectiva de la asociaci\u00f3n empresarial, reflejando nuestras posiciones frente a temas clave del sector, propuestas de mejora, compromisos \u00e9ticos y reivindicaciones comunes.<\/span><\/p><p class=\"p1\"><span style=\"color: #000000;\">Es nuestro canal para expresar, de forma clara y transparente, los valores que defendemos y las acciones que impulsamos desde el tejido empresarial.<\/span><\/p>\t\t\t\t\t\t\t\t<\/div>\n\t\t\t\t<\/div>\n\t\t\t\t<\/div>\n\t\t\t\t\t<\/div>\n\t\t\t\t<\/div>\n\t\t<div class=\"elementor-element elementor-element-2cfd759 e-flex e-con-boxed e-con e-parent\" data-id=\"2cfd759\" data-element_type=\"container\">\n\t\t\t\t\t<div class=\"e-con-inner\">\n\t\t<div class=\"elementor-element elementor-element-f2a3d3a e-con-full e-flex e-con e-child\" data-id=\"f2a3d3a\" data-element_type=\"container\">\n\t\t\t\t<div class=\"elementor-element elementor-element-9855fc8 elementor-widget elementor-widget-image\" data-id=\"9855fc8\" data-element_type=\"widget\" data-widget_type=\"image.default\">\n\t\t\t\t<div class=\"elementor-widget-container\">\n\t\t\t\t\t\t\t\t\t\t\t\t\t\t\t<img decoding=\"async\" width=\"683\" height=\"1024\" src=\"https:\/\/emprevet.es\/wp-content\/uploads\/2025\/03\/pexels-edward-jenner-4031418-683x1024.jpg\" class=\"attachment-large size-large wp-image-736\" alt=\"\" srcset=\"https:\/\/emprevet.es\/wp-content\/uploads\/2025\/03\/pexels-edward-jenner-4031418-683x1024.jpg 683w, https:\/\/emprevet.es\/wp-content\/uploads\/2025\/03\/elementor\/thumbs\/pexels-edward-jenner-4031418-scaled-r31ucwwzbivmy23iyyr3nq4st7q28ecp0kwxg21qd4.jpg 200w, https:\/\/emprevet.es\/wp-content\/uploads\/2025\/03\/pexels-edward-jenner-4031418-768x1152.jpg 768w, https:\/\/emprevet.es\/wp-content\/uploads\/2025\/03\/pexels-edward-jenner-4031418-scaled.jpg 1707w\" sizes=\"(max-width: 683px) 100vw, 683px\" \/>\t\t\t\t\t\t\t\t\t\t\t\t\t\t\t<\/div>\n\t\t\t\t<\/div>\n\t\t\t\t<\/div>\n\t\t<div class=\"elementor-element elementor-element-8d151c3 e-con-full e-flex e-con e-child\" data-id=\"8d151c3\" data-element_type=\"container\">\n\t\t\t\t<div class=\"elementor-element elementor-element-f69eb43 elementor-widget elementor-widget-text-editor\" data-id=\"f69eb43\" data-element_type=\"widget\" data-widget_type=\"text-editor.default\">\n\t\t\t\t<div class=\"elementor-widget-container\">\n\t\t\t\t\t\t\t\t\t<h3 class=\"p1\"><b>Nuestro compromiso con el medicamento veterinario<\/b><\/h3><p>En este espacio encontrar\u00e1s el <span class=\"s1\"><b>manifiesto de EmpreVet<\/b><\/span> sobre la Ley del Medicamento en Espa\u00f1a, un documento clave donde abordamos su impacto en la profesi\u00f3n veterinaria y en la salud animal. Con este manifiesto, reafirmamos nuestro compromiso con una regulaci\u00f3n justa, accesible y acorde a las necesidades del sector argumentando las carencias del RD666\/2023 y de PRESVET\u00a0<\/p><p class=\"p3\">Consulta el documento y descubre nuestra visi\u00f3n y propuestas.<\/p>\t\t\t\t\t\t\t\t<\/div>\n\t\t\t\t<\/div>\n\t\t\t\t<\/div>\n\t\t<div class=\"elementor-element elementor-element-fad5e70 e-con-full e-flex e-con e-child\" data-id=\"fad5e70\" data-element_type=\"container\">\n\t\t\t\t<div class=\"elementor-element elementor-element-aa62674 elementor-widget__width-initial elementor-widget elementor-widget-text-editor\" data-id=\"aa62674\" data-element_type=\"widget\" data-widget_type=\"text-editor.default\">\n\t\t\t\t<div class=\"elementor-widget-container\">\n\t\t\t\t\t\t\t\t\t<p><a href=\"https:\/\/emprevet.es\/index.php\/posicionamiento\/manifiesto-emprevet\/\">Manifiesto<\/a><\/p>\t\t\t\t\t\t\t\t<\/div>\n\t\t\t\t<\/div>\n\t\t\t\t<\/div>\n\t\t\t\t\t<\/div>\n\t\t\t\t<\/div>\n\t\t<div class=\"elementor-element elementor-element-670fbf5 e-flex e-con-boxed e-con e-parent\" data-id=\"670fbf5\" data-element_type=\"container\">\n\t\t\t\t\t<div class=\"e-con-inner\">\n\t\t<div class=\"elementor-element elementor-element-95024e2 e-con-full e-flex e-con e-child\" data-id=\"95024e2\" data-element_type=\"container\">\n\t\t<div class=\"elementor-element elementor-element-02a1b0a e-con-full e-flex e-con e-child\" data-id=\"02a1b0a\" data-element_type=\"container\">\n\t\t\t\t<div class=\"elementor-element elementor-element-82baa8f elementor-widget elementor-widget-image\" data-id=\"82baa8f\" data-element_type=\"widget\" data-widget_type=\"image.default\">\n\t\t\t\t<div class=\"elementor-widget-container\">\n\t\t\t\t\t\t\t\t\t\t\t\t\t\t\t<img decoding=\"async\" width=\"1024\" height=\"683\" src=\"https:\/\/emprevet.es\/wp-content\/uploads\/2025\/04\/ChatGPT-Image-21-abr-2025-11_14_09-1024x683.png\" class=\"attachment-large size-large wp-image-1318\" alt=\"\" srcset=\"https:\/\/emprevet.es\/wp-content\/uploads\/2025\/04\/ChatGPT-Image-21-abr-2025-11_14_09-1024x683.png 1024w, https:\/\/emprevet.es\/wp-content\/uploads\/2025\/04\/elementor\/thumbs\/ChatGPT-Image-21-abr-2025-11_14_09-r4og09tn2zufl1srhe5bbjgk0467p9d05xcv9fkes0.png 300w, https:\/\/emprevet.es\/wp-content\/uploads\/2025\/04\/ChatGPT-Image-21-abr-2025-11_14_09-768x512.png 768w, https:\/\/emprevet.es\/wp-content\/uploads\/2025\/04\/ChatGPT-Image-21-abr-2025-11_14_09.png 1536w\" sizes=\"(max-width: 1024px) 100vw, 1024px\" \/>\t\t\t\t\t\t\t\t\t\t\t\t\t\t\t<\/div>\n\t\t\t\t<\/div>\n\t\t\t\t<\/div>\n\t\t<div class=\"elementor-element elementor-element-d725146 e-con-full e-flex e-con e-child\" data-id=\"d725146\" data-element_type=\"container\">\n\t\t\t\t<div class=\"elementor-element elementor-element-d48a6dc elementor-widget elementor-widget-text-editor\" data-id=\"d48a6dc\" data-element_type=\"widget\" data-widget_type=\"text-editor.default\">\n\t\t\t\t<div class=\"elementor-widget-container\">\n\t\t\t\t\t\t\t\t\t<h3><b>Informes y propuestas<\/b><\/h3><p>Informes y propuestas sobre el sector empresarial veterinario elaborados y desarrollados por EmpreVet sobre diferentes aspectos y \u00a0enviados a distintas entidades.<\/p><p>Consulta los \u00faltimos informes elaborados:<\/p><ul><li>Abril de 2025:<\/li><\/ul><p><a href=\"https:\/\/emprevet.es\/index.php\/posicionamiento\/propuestas-de-emprevet-para-la-mejora-de-la-actividad-veterinaria-en-espana\/\">Propuestas Generales de EmpreVet para la mejora de la actividad veterinaria en Espa\u00f1a<\/a><\/p><p><a href=\"https:\/\/emprevet.es\/index.php\/posicionamiento\/informe-emprevet-sobre-la-prohibicion-a-los-veterinarios-de-la-comercializacion-de-medicamentos-en-espana\/\">Informe justificativo de los motivos por los que no puede prohibirse a los veterinarios en ejercicio cl\u00ednico en Espa\u00f1a la comercializaci\u00f3n de los medicamentos veterinarios<\/a><\/p><p><a href=\"https:\/\/emprevet.es\/index.php\/posicionamiento\/informe-emprevet-sobre-actividad-economica-vs-empresarial-veterinaria\/\">Informe EmpreVet sobre las distorsiones creadas por la confusi\u00f3n entre la actividad profesional y econ\u00f3mica veterinaria<\/a><\/p><p><a href=\"https:\/\/emprevet.es\/index.php\/posicionamiento\/informe-emprevet-de-justificacion-de-la-dispensacion-en-exclusiva-de-los-medicamentos-veterinarios-por-parte-de-los-veterinarios\/\" target=\"_blank\" rel=\"noopener\">Informe EmpreVet de justificaci\u00f3n de la dispensaci\u00f3n en exclusiva de los medicamentos veterinarios por parte de los veterinarios<\/a><\/p><p><a href=\"https:\/\/emprevet.es\/index.php\/posicionamiento\/informe-emprevet-sobre-la-dispensacion-exclusiva-por-los-veterinarios-duplicado-1364\/\">Informe EmpreVet de la obligatoriedad de la prescripci\u00f3n de acuerdo con las categor\u00edas de antibi\u00f3ticos recomendadas por la EMA<\/a><\/p>\t\t\t\t\t\t\t\t<\/div>\n\t\t\t\t<\/div>\n\t\t\t\t<\/div>\n\t\t\t\t<\/div>\n\t\t\t\t\t<\/div>\n\t\t\t\t<\/div>\n\t\t<div class=\"elementor-element elementor-element-323c3ec e-flex e-con-boxed e-con e-parent\" data-id=\"323c3ec\" data-element_type=\"container\" data-settings=\"{&quot;background_background&quot;:&quot;classic&quot;}\">\n\t\t\t\t\t<div class=\"e-con-inner\">\n\t\t<div class=\"elementor-element elementor-element-4b156a3 e-con-full e-flex e-con e-child\" data-id=\"4b156a3\" data-element_type=\"container\">\n\t\t\t\t<div class=\"elementor-element elementor-element-1bad0ec elementor-widget elementor-widget-image\" data-id=\"1bad0ec\" data-element_type=\"widget\" data-widget_type=\"image.default\">\n\t\t\t\t<div class=\"elementor-widget-container\">\n\t\t\t\t\t\t\t\t\t\t\t\t\t\t\t<img loading=\"lazy\" decoding=\"async\" width=\"1024\" height=\"378\" src=\"https:\/\/emprevet.es\/wp-content\/uploads\/2025\/03\/LOGO-EMPREVET-_Mesa-de-trabajo-1-copia-3-1024x378.png\" class=\"attachment-large size-large wp-image-121\" alt=\"\" srcset=\"https:\/\/emprevet.es\/wp-content\/uploads\/2025\/03\/LOGO-EMPREVET-_Mesa-de-trabajo-1-copia-3-1024x378.png 1024w, https:\/\/emprevet.es\/wp-content\/uploads\/2025\/03\/LOGO-EMPREVET-_Mesa-de-trabajo-1-copia-3-300x111.png 300w, https:\/\/emprevet.es\/wp-content\/uploads\/2025\/03\/LOGO-EMPREVET-_Mesa-de-trabajo-1-copia-3-768x283.png 768w, https:\/\/emprevet.es\/wp-content\/uploads\/2025\/03\/LOGO-EMPREVET-_Mesa-de-trabajo-1-copia-3-1536x567.png 1536w, https:\/\/emprevet.es\/wp-content\/uploads\/2025\/03\/LOGO-EMPREVET-_Mesa-de-trabajo-1-copia-3-2048x755.png 2048w\" sizes=\"(max-width: 1024px) 100vw, 1024px\" \/>\t\t\t\t\t\t\t\t\t\t\t\t\t\t\t<\/div>\n\t\t\t\t<\/div>\n\t\t\t\t<div class=\"elementor-element elementor-element-36435ec elementor-shape-circle elementor-grid-3 e-grid-align-left elementor-widget elementor-widget-social-icons\" data-id=\"36435ec\" data-element_type=\"widget\" data-widget_type=\"social-icons.default\">\n\t\t\t\t<div class=\"elementor-widget-container\">\n\t\t\t\t\t\t\t<div class=\"elementor-social-icons-wrapper elementor-grid\">\n\t\t\t\t\t\t\t<span class=\"elementor-grid-item\">\n\t\t\t\t\t<a class=\"elementor-icon elementor-social-icon elementor-social-icon-x-twitter elementor-repeater-item-461a0fd\" href=\"https:\/\/x.com\/emprevet1\" target=\"_blank\">\n\t\t\t\t\t\t<span class=\"elementor-screen-only\">X-twitter<\/span>\n\t\t\t\t\t\t<svg class=\"e-font-icon-svg e-fab-x-twitter\" viewBox=\"0 0 512 512\" xmlns=\"http:\/\/www.w3.org\/2000\/svg\"><path d=\"M389.2 48h70.6L305.6 224.2 487 464H345L233.7 318.6 106.5 464H35.8L200.7 275.5 26.8 48H172.4L272.9 180.9 389.2 48zM364.4 421.8h39.1L151.1 88h-42L364.4 421.8z\"><\/path><\/svg>\t\t\t\t\t<\/a>\n\t\t\t\t<\/span>\n\t\t\t\t\t\t\t<span class=\"elementor-grid-item\">\n\t\t\t\t\t<a class=\"elementor-icon elementor-social-icon elementor-social-icon-linkedin elementor-repeater-item-60ec00a\" href=\"https:\/\/www.linkedin.com\/company\/empresas-veterinarias\" target=\"_blank\">\n\t\t\t\t\t\t<span class=\"elementor-screen-only\">Linkedin<\/span>\n\t\t\t\t\t\t<svg class=\"e-font-icon-svg e-fab-linkedin\" viewBox=\"0 0 448 512\" xmlns=\"http:\/\/www.w3.org\/2000\/svg\"><path d=\"M416 32H31.9C14.3 32 0 46.5 0 64.3v383.4C0 465.5 14.3 480 31.9 480H416c17.6 0 32-14.5 32-32.3V64.3c0-17.8-14.4-32.3-32-32.3zM135.4 416H69V202.2h66.5V416zm-33.2-243c-21.3 0-38.5-17.3-38.5-38.5S80.9 96 102.2 96c21.2 0 38.5 17.3 38.5 38.5 0 21.3-17.2 38.5-38.5 38.5zm282.1 243h-66.4V312c0-24.8-.5-56.7-34.5-56.7-34.6 0-39.9 27-39.9 54.9V416h-66.4V202.2h63.7v29.2h.9c8.9-16.8 30.6-34.5 62.9-34.5 67.2 0 79.7 44.3 79.7 101.9V416z\"><\/path><\/svg>\t\t\t\t\t<\/a>\n\t\t\t\t<\/span>\n\t\t\t\t\t<\/div>\n\t\t\t\t\t\t<\/div>\n\t\t\t\t<\/div>\n\t\t\t\t<\/div>\n\t\t<div class=\"elementor-element elementor-element-98bce56 e-con-full e-flex e-con e-child\" data-id=\"98bce56\" data-element_type=\"container\">\n\t\t\t\t<div class=\"elementor-element elementor-element-aaecbe0 elementor-widget elementor-widget-text-editor\" data-id=\"aaecbe0\" data-element_type=\"widget\" data-widget_type=\"text-editor.default\">\n\t\t\t\t<div class=\"elementor-widget-container\">\n\t\t\t\t\t\t\t\t\t<p><strong>INICIO<\/strong><\/p><p><a href=\"https:\/\/emprevet.es\/index.php\/quienes-somos\/\"><span style=\"color: #ffffff;\">Qui\u00e9nes somos<\/span><\/a><\/p><p><span style=\"color: #ffffff;\"><a style=\"color: #ffffff;\" href=\"https:\/\/emprevet.es\/index.php\/posicionamiento\/\">Posicionamiento<\/a><\/span><\/p><p><span style=\"color: #ffffff;\"><a style=\"color: #ffffff;\" href=\"https:\/\/emprevet.es\/index.php\/servicios-y-beneficios\/\">Beneficios<\/a><\/span><\/p><p><span style=\"color: #ffffff;\"><a style=\"color: #ffffff;\" href=\"https:\/\/emprevet.es\/index.php\/noticias\/\">Not\u00edcias<\/a><\/span><\/p><p><span style=\"color: #ffffff;\"><a style=\"color: #ffffff;\" href=\"https:\/\/emprevet.es\/index.php\/contacto\/\">Contacto<\/a><\/span><\/p><p>\u00a0<\/p>\t\t\t\t\t\t\t\t<\/div>\n\t\t\t\t<\/div>\n\t\t\t\t<\/div>\n\t\t<div class=\"elementor-element elementor-element-56c33cc e-con-full e-flex e-con e-child\" data-id=\"56c33cc\" data-element_type=\"container\">\n\t\t\t\t<div class=\"elementor-element elementor-element-170dc7d elementor-widget__width-initial elementor-widget elementor-widget-text-editor\" data-id=\"170dc7d\" data-element_type=\"widget\" data-widget_type=\"text-editor.default\">\n\t\t\t\t<div class=\"elementor-widget-container\">\n\t\t\t\t\t\t\t\t\t<p><strong>T\u00c9RMINOS<\/strong><\/p><p><span style=\"color: #ffffff;\"><a style=\"color: #ffffff;\" href=\"https:\/\/emprevet.es\/wp-content\/uploads\/2025\/03\/EMPRESAS_VETERINARIAS-EMPREVET_Politica_de_PRIVACIDAD.pdf\">Pol\u00edtica de privacidad<\/a><\/span><\/p><p><span style=\"color: #ffffff;\"><a style=\"color: #ffffff;\" href=\"https:\/\/emprevet.es\/wp-content\/uploads\/2025\/03\/EMPRESAS_VETERINARIAS-EMPREVET_Aviso_legal-1.pdf\">Aviso Legal<\/a><\/span><\/p><p><span style=\"color: #ffffff;\"><a style=\"color: #ffffff;\" href=\"https:\/\/emprevet.es\/wp-content\/uploads\/2025\/03\/EMPRESAS_VETERINARIAS-EMPREVET_Politica_de_PRIVACIDAD_en_redes_sociales.pdf\">Pol\u00edtica de privacidad de RRSS<\/a><\/span><\/p>\t\t\t\t\t\t\t\t<\/div>\n\t\t\t\t<\/div>\n\t\t\t\t<\/div>\n\t\t<div class=\"elementor-element elementor-element-a5d6d9c e-con-full e-flex e-con e-child\" data-id=\"a5d6d9c\" data-element_type=\"container\">\n\t\t\t\t<div class=\"elementor-element elementor-element-473f33e elementor-widget elementor-widget-text-editor\" data-id=\"473f33e\" data-element_type=\"widget\" data-widget_type=\"text-editor.default\">\n\t\t\t\t<div class=\"elementor-widget-container\">\n\t\t\t\t\t\t\t\t\t<p><strong>CONTACTO<\/strong><\/p>\n<p><span style=\"font-weight: 400;\">emprevet@emprevet.es<\/span><\/p>\n<p><span style=\"font-weight: 400;\">Empresas Veterinarias&nbsp;<\/span><\/p>\n<p><span style=\"font-weight: 400;\">G16465031<\/span><\/p>\n<p><span style=\"font-weight: 400;\">Avda. de Laza 82. 32600 &#8211; Ver\u00edn (Ourense)<\/span><\/p>\t\t\t\t\t\t\t\t<\/div>\n\t\t\t\t<\/div>\n\t\t\t\t<\/div>\n\t\t\t\t\t<\/div>\n\t\t\t\t<\/div>\n\t\t\t\t<\/div>\n\t\t","protected":false},"excerpt":{"rendered":"<p>Posicionamiento En este espacio encontrar\u00e1s los acuerdos, manifiestos y declaraciones p\u00fablicas que Emprevet publica como parte de su actividad. Esta [&hellip;]<\/p>\n","protected":false},"author":4,"featured_media":0,"parent":0,"menu_order":0,"comment_status":"closed","ping_status":"closed","template":"","meta":{"site-sidebar-layout":"no-sidebar","site-content-layout":"","ast-site-content-layout":"full-width-container","site-content-style":"default","site-sidebar-style":"default","ast-global-header-display":"","ast-banner-title-visibility":"","ast-main-header-display":"","ast-hfb-above-header-display":"","ast-hfb-below-header-display":"","ast-hfb-mobile-header-display":"","site-post-title":"disabled","ast-breadcrumbs-content":"","ast-featured-img":"disabled","footer-sml-layout":"","theme-transparent-header-meta":"","adv-header-id-meta":"","stick-header-meta":"","header-above-stick-meta":"","header-main-stick-meta":"","header-below-stick-meta":"","astra-migrate-meta-layouts":"default","ast-page-background-enabled":"default","ast-page-background-meta":{"desktop":{"background-color":"var(--ast-global-color-5)","background-image":"","background-repeat":"repeat","background-position":"center center","background-size":"auto","background-attachment":"scroll","background-type":"","background-media":"","overlay-type":"","overlay-color":"","overlay-opacity":"","overlay-gradient":""},"tablet":{"background-color":"","background-image":"","background-repeat":"repeat","background-position":"center center","background-size":"auto","background-attachment":"scroll","background-type":"","background-media":"","overlay-type":"","overlay-color":"","overlay-opacity":"","overlay-gradient":""},"mobile":{"background-color":"","background-image":"","background-repeat":"repeat","background-position":"center center","background-size":"auto","background-attachment":"scroll","background-type":"","background-media":"","overlay-type":"","overlay-color":"","overlay-opacity":"","overlay-gradient":""}},"ast-content-background-meta":{"desktop":{"background-color":"var(--ast-global-color-4)","background-image":"","background-repeat":"repeat","background-position":"center center","background-size":"auto","background-attachment":"scroll","background-type":"","background-media":"","overlay-type":"","overlay-color":"","overlay-opacity":"","overlay-gradient":""},"tablet":{"background-color":"var(--ast-global-color-4)","background-image":"","background-repeat":"repeat","background-position":"center center","background-size":"auto","background-attachment":"scroll","background-type":"","background-media":"","overlay-type":"","overlay-color":"","overlay-opacity":"","overlay-gradient":""},"mobile":{"background-color":"var(--ast-global-color-4)","background-image":"","background-repeat":"repeat","background-position":"center center","background-size":"auto","background-attachment":"scroll","background-type":"","background-media":"","overlay-type":"","overlay-color":"","overlay-opacity":"","overlay-gradient":""}},"footnotes":""},"class_list":["post-635","page","type-page","status-publish","hentry"],"_links":{"self":[{"href":"https:\/\/emprevet.es\/index.php\/wp-json\/wp\/v2\/pages\/635","targetHints":{"allow":["GET"]}}],"collection":[{"href":"https:\/\/emprevet.es\/index.php\/wp-json\/wp\/v2\/pages"}],"about":[{"href":"https:\/\/emprevet.es\/index.php\/wp-json\/wp\/v2\/types\/page"}],"author":[{"embeddable":true,"href":"https:\/\/emprevet.es\/index.php\/wp-json\/wp\/v2\/users\/4"}],"replies":[{"embeddable":true,"href":"https:\/\/emprevet.es\/index.php\/wp-json\/wp\/v2\/comments?post=635"}],"version-history":[{"count":41,"href":"https:\/\/emprevet.es\/index.php\/wp-json\/wp\/v2\/pages\/635\/revisions"}],"predecessor-version":[{"id":1391,"href":"https:\/\/emprevet.es\/index.php\/wp-json\/wp\/v2\/pages\/635\/revisions\/1391"}],"wp:attachment":[{"href":"https:\/\/emprevet.es\/index.php\/wp-json\/wp\/v2\/media?parent=635"}],"curies":[{"name":"wp","href":"https:\/\/api.w.org\/{rel}","templated":true}]}}