{"id":912,"date":"2025-03-25T09:40:15","date_gmt":"2025-03-25T08:40:15","guid":{"rendered":"https:\/\/emprevet.es\/?page_id=912"},"modified":"2025-04-09T09:42:17","modified_gmt":"2025-04-09T07:42:17","slug":"evgal-opone-r-d-666-2023","status":"publish","type":"page","link":"https:\/\/emprevet.es\/index.php\/noticias\/evgal-opone-r-d-666-2023\/","title":{"rendered":"EVGal se opone al R.D. 666\/2023"},"content":{"rendered":"\t\t<div data-elementor-type=\"wp-page\" data-elementor-id=\"912\" class=\"elementor elementor-912\">\n\t\t\t\t<div class=\"elementor-element elementor-element-b08abfe e-flex e-con-boxed e-con e-parent\" data-id=\"b08abfe\" data-element_type=\"container\">\n\t\t\t\t\t<div class=\"e-con-inner\">\n\t\t<div class=\"elementor-element elementor-element-127fa92 e-con-full e-flex e-con e-child\" data-id=\"127fa92\" data-element_type=\"container\">\n\t\t\t\t<div class=\"elementor-element elementor-element-24aac30 elementor-widget elementor-widget-image\" data-id=\"24aac30\" data-element_type=\"widget\" data-widget_type=\"image.default\">\n\t\t\t\t<div class=\"elementor-widget-container\">\n\t\t\t\t\t\t\t\t\t\t\t\t\t\t\t<img fetchpriority=\"high\" decoding=\"async\" width=\"991\" height=\"1024\" src=\"https:\/\/emprevet.es\/wp-content\/uploads\/2025\/03\/Captura-de-pantalla-2025-03-25-a-les-10.13.00-991x1024.png\" class=\"attachment-large size-large wp-image-960\" alt=\"\" srcset=\"https:\/\/emprevet.es\/wp-content\/uploads\/2025\/03\/Captura-de-pantalla-2025-03-25-a-les-10.13.00-991x1024.png 991w, https:\/\/emprevet.es\/wp-content\/uploads\/2025\/03\/Captura-de-pantalla-2025-03-25-a-les-10.13.00-290x300.png 290w, https:\/\/emprevet.es\/wp-content\/uploads\/2025\/03\/Captura-de-pantalla-2025-03-25-a-les-10.13.00-768x793.png 768w, https:\/\/emprevet.es\/wp-content\/uploads\/2025\/03\/Captura-de-pantalla-2025-03-25-a-les-10.13.00.png 1212w\" sizes=\"(max-width: 991px) 100vw, 991px\" \/>\t\t\t\t\t\t\t\t\t\t\t\t\t\t\t<\/div>\n\t\t\t\t<\/div>\n\t\t\t\t<\/div>\n\t\t<div class=\"elementor-element elementor-element-18c0dc5 e-con-full e-flex e-con e-child\" data-id=\"18c0dc5\" data-element_type=\"container\">\n\t\t\t\t<div class=\"elementor-element elementor-element-eb472ba elementor-widget elementor-widget-text-editor\" data-id=\"eb472ba\" data-element_type=\"widget\" data-widget_type=\"text-editor.default\">\n\t\t\t\t<div class=\"elementor-widget-container\">\n\t\t\t\t\t\t\t\t\t<h3><strong>EVGal LLAMA AL SECTOR VETERINARIO GALLEGO A MANIFESTARSE EN A CORU\u00d1A EN OPOSICI\u00d3N AL R.D. 666\/2023<\/strong><\/h3><p><span style=\"font-weight: 400;\">EVGal se sum\u00f3 al movimiento generalizado de la profesi\u00f3n y el sector veterinario a nivel nacional llamando a la movilizaci\u00f3n de todos los integrantes de las empresas veterinarias gallegas a las que representa, as\u00ed como a la sociedad en general, en respuesta a la convocatoria de manifestaci\u00f3n y concentraci\u00f3n de protesta frente a la Delegaci\u00f3n del Gobierno en Galicia el 23 de febrero de 2025.<\/span><\/p><p><span style=\"font-weight: 400;\">En el acto convocado desde los Colegios Oficiales de Veterinarios de A Coru\u00f1a y Lugo, y con el apoyo expl\u00edcito de EVGal, se reunieron m\u00e1s de 1500 asistentes provenientes de las cuatro provincias gallegas, demostrando una oposici\u00f3n determinada y consistente frente a la aplicaci\u00f3n de una normativa que lesiona gravemente el ejercicio profesional veterinario, perjudica de manera seria la viabilidad empresarial de los Centros Sanitarios Veterinarios y dificulta notablemente el acceso al cuidado de la salud y el bienestar de los animales por parte de los propietarios de mascotas, redundando todo ello en un menoscabo de la salud p\u00fablica desde la ineludible visi\u00f3n OneHealth.<\/span><\/p>\t\t\t\t\t\t\t\t<\/div>\n\t\t\t\t<\/div>\n\t\t\t\t<\/div>\n\t\t\t\t\t<\/div>\n\t\t\t\t<\/div>\n\t\t<div class=\"elementor-element elementor-element-55908c78 e-flex e-con-boxed e-con e-parent\" data-id=\"55908c78\" data-element_type=\"container\" data-settings=\"{&quot;background_background&quot;:&quot;classic&quot;}\">\n\t\t\t\t\t<div class=\"e-con-inner\">\n\t\t<div class=\"elementor-element elementor-element-3758180b e-con-full e-flex e-con e-child\" data-id=\"3758180b\" data-element_type=\"container\">\n\t\t\t\t<div class=\"elementor-element elementor-element-2a1e78ee elementor-widget elementor-widget-image\" data-id=\"2a1e78ee\" data-element_type=\"widget\" data-widget_type=\"image.default\">\n\t\t\t\t<div class=\"elementor-widget-container\">\n\t\t\t\t\t\t\t\t\t\t\t\t\t\t\t<img decoding=\"async\" width=\"1024\" height=\"378\" src=\"https:\/\/emprevet.es\/wp-content\/uploads\/2025\/03\/LOGO-EMPREVET-_Mesa-de-trabajo-1-copia-3-1024x378.png\" class=\"attachment-large size-large wp-image-121\" alt=\"\" srcset=\"https:\/\/emprevet.es\/wp-content\/uploads\/2025\/03\/LOGO-EMPREVET-_Mesa-de-trabajo-1-copia-3-1024x378.png 1024w, https:\/\/emprevet.es\/wp-content\/uploads\/2025\/03\/LOGO-EMPREVET-_Mesa-de-trabajo-1-copia-3-300x111.png 300w, https:\/\/emprevet.es\/wp-content\/uploads\/2025\/03\/LOGO-EMPREVET-_Mesa-de-trabajo-1-copia-3-768x283.png 768w, https:\/\/emprevet.es\/wp-content\/uploads\/2025\/03\/LOGO-EMPREVET-_Mesa-de-trabajo-1-copia-3-1536x567.png 1536w, https:\/\/emprevet.es\/wp-content\/uploads\/2025\/03\/LOGO-EMPREVET-_Mesa-de-trabajo-1-copia-3-2048x755.png 2048w\" sizes=\"(max-width: 1024px) 100vw, 1024px\" \/>\t\t\t\t\t\t\t\t\t\t\t\t\t\t\t<\/div>\n\t\t\t\t<\/div>\n\t\t\t\t<div class=\"elementor-element elementor-element-443ef220 elementor-shape-circle elementor-grid-3 e-grid-align-center elementor-widget elementor-widget-social-icons\" data-id=\"443ef220\" data-element_type=\"widget\" data-widget_type=\"social-icons.default\">\n\t\t\t\t<div class=\"elementor-widget-container\">\n\t\t\t\t\t\t\t<div class=\"elementor-social-icons-wrapper elementor-grid\">\n\t\t\t\t\t\t\t<span class=\"elementor-grid-item\">\n\t\t\t\t\t<a class=\"elementor-icon elementor-social-icon elementor-social-icon-x-twitter elementor-repeater-item-461a0fd\" href=\"https:\/\/x.com\/emprevet1\" target=\"_blank\">\n\t\t\t\t\t\t<span class=\"elementor-screen-only\">X-twitter<\/span>\n\t\t\t\t\t\t<svg class=\"e-font-icon-svg e-fab-x-twitter\" viewBox=\"0 0 512 512\" xmlns=\"http:\/\/www.w3.org\/2000\/svg\"><path d=\"M389.2 48h70.6L305.6 224.2 487 464H345L233.7 318.6 106.5 464H35.8L200.7 275.5 26.8 48H172.4L272.9 180.9 389.2 48zM364.4 421.8h39.1L151.1 88h-42L364.4 421.8z\"><\/path><\/svg>\t\t\t\t\t<\/a>\n\t\t\t\t<\/span>\n\t\t\t\t\t\t\t<span class=\"elementor-grid-item\">\n\t\t\t\t\t<a class=\"elementor-icon elementor-social-icon elementor-social-icon-linkedin elementor-repeater-item-60ec00a\" href=\"https:\/\/www.linkedin.com\/company\/empresas-veterinarias\" target=\"_blank\">\n\t\t\t\t\t\t<span class=\"elementor-screen-only\">Linkedin<\/span>\n\t\t\t\t\t\t<svg class=\"e-font-icon-svg e-fab-linkedin\" viewBox=\"0 0 448 512\" xmlns=\"http:\/\/www.w3.org\/2000\/svg\"><path d=\"M416 32H31.9C14.3 32 0 46.5 0 64.3v383.4C0 465.5 14.3 480 31.9 480H416c17.6 0 32-14.5 32-32.3V64.3c0-17.8-14.4-32.3-32-32.3zM135.4 416H69V202.2h66.5V416zm-33.2-243c-21.3 0-38.5-17.3-38.5-38.5S80.9 96 102.2 96c21.2 0 38.5 17.3 38.5 38.5 0 21.3-17.2 38.5-38.5 38.5zm282.1 243h-66.4V312c0-24.8-.5-56.7-34.5-56.7-34.6 0-39.9 27-39.9 54.9V416h-66.4V202.2h63.7v29.2h.9c8.9-16.8 30.6-34.5 62.9-34.5 67.2 0 79.7 44.3 79.7 101.9V416z\"><\/path><\/svg>\t\t\t\t\t<\/a>\n\t\t\t\t<\/span>\n\t\t\t\t\t<\/div>\n\t\t\t\t\t\t<\/div>\n\t\t\t\t<\/div>\n\t\t\t\t<\/div>\n\t\t<div class=\"elementor-element elementor-element-8688f41 e-con-full e-flex e-con e-child\" data-id=\"8688f41\" data-element_type=\"container\">\n\t\t\t\t<div class=\"elementor-element elementor-element-25630756 elementor-widget elementor-widget-text-editor\" data-id=\"25630756\" data-element_type=\"widget\" data-widget_type=\"text-editor.default\">\n\t\t\t\t<div class=\"elementor-widget-container\">\n\t\t\t\t\t\t\t\t\t<p><strong>INICIO<\/strong><\/p><p><a href=\"https:\/\/emprevet.es\/index.php\/quienes-somos\/\"><span style=\"color: #ffffff;\">Qui\u00e9nes somos<\/span><\/a><\/p><p><span style=\"color: #ffffff;\"><a style=\"color: #ffffff;\" href=\"https:\/\/emprevet.es\/index.php\/posicionamiento\/\">Posicionamiento<\/a><\/span><\/p><p><span style=\"color: #ffffff;\"><a style=\"color: #ffffff;\" href=\"https:\/\/emprevet.es\/index.php\/servicios-y-beneficios\/\">Beneficios<\/a><\/span><\/p><p><span style=\"color: #ffffff;\"><a style=\"color: #ffffff;\" href=\"https:\/\/emprevet.es\/index.php\/noticias\/\">Not\u00edcias<\/a><\/span><\/p><p><span style=\"color: #ffffff;\"><a style=\"color: #ffffff;\" href=\"https:\/\/emprevet.es\/index.php\/contacto\/\">Contacto<\/a><\/span><\/p><p>\u00a0<\/p>\t\t\t\t\t\t\t\t<\/div>\n\t\t\t\t<\/div>\n\t\t\t\t<\/div>\n\t\t<div class=\"elementor-element elementor-element-2fe85e62 e-con-full e-flex e-con e-child\" data-id=\"2fe85e62\" data-element_type=\"container\">\n\t\t\t\t<div class=\"elementor-element elementor-element-5d9cc4d5 elementor-widget__width-initial elementor-widget elementor-widget-text-editor\" data-id=\"5d9cc4d5\" data-element_type=\"widget\" data-widget_type=\"text-editor.default\">\n\t\t\t\t<div class=\"elementor-widget-container\">\n\t\t\t\t\t\t\t\t\t<p><strong>T\u00c9RMINOS<\/strong><\/p><p><span style=\"color: #ffffff;\"><a style=\"color: #ffffff;\" href=\"https:\/\/emprevet.es\/wp-content\/uploads\/2025\/03\/EMPRESAS_VETERINARIAS-EMPREVET_Politica_de_PRIVACIDAD.pdf\">Pol\u00edtica de privacidad<\/a><\/span><\/p><p><span style=\"color: #ffffff;\"><a style=\"color: #ffffff;\" href=\"https:\/\/emprevet.es\/wp-content\/uploads\/2025\/03\/EMPRESAS_VETERINARIAS-EMPREVET_Aviso_legal-1.pdf\">Aviso Legal<\/a><\/span><\/p><p><span style=\"color: #ffffff;\"><a style=\"color: #ffffff;\" href=\"https:\/\/emprevet.es\/wp-content\/uploads\/2025\/03\/EMPRESAS_VETERINARIAS-EMPREVET_Politica_de_PRIVACIDAD_en_redes_sociales.pdf\">Pol\u00edtica de privacidad de RRSS<\/a><\/span><\/p>\t\t\t\t\t\t\t\t<\/div>\n\t\t\t\t<\/div>\n\t\t\t\t<\/div>\n\t\t<div class=\"elementor-element elementor-element-6528a680 e-con-full e-flex e-con e-child\" data-id=\"6528a680\" data-element_type=\"container\">\n\t\t\t\t<div class=\"elementor-element elementor-element-166d465c elementor-widget elementor-widget-text-editor\" data-id=\"166d465c\" data-element_type=\"widget\" data-widget_type=\"text-editor.default\">\n\t\t\t\t<div class=\"elementor-widget-container\">\n\t\t\t\t\t\t\t\t\t<p><strong>CONTACTO<\/strong><\/p><p><span style=\"font-weight: 400;\">emprevet@emprevet.es<\/span><\/p><p><span style=\"font-weight: 400;\">Empresas Veterinarias\u00a0<\/span><\/p><p><span style=\"font-weight: 400;\">G16465031<\/span><\/p><p><span style=\"font-weight: 400;\">Avda. de Laza 82. 32600 &#8211; Ver\u00edn (Ourense)<\/span><\/p>\t\t\t\t\t\t\t\t<\/div>\n\t\t\t\t<\/div>\n\t\t\t\t<\/div>\n\t\t\t\t\t<\/div>\n\t\t\t\t<\/div>\n\t\t\t\t<\/div>\n\t\t","protected":false},"excerpt":{"rendered":"<p>EVGal LLAMA AL SECTOR VETERINARIO GALLEGO A MANIFESTARSE EN A CORU\u00d1A EN OPOSICI\u00d3N AL R.D. 666\/2023 EVGal se sum\u00f3 al [&hellip;]<\/p>\n","protected":false},"author":4,"featured_media":0,"parent":512,"menu_order":0,"comment_status":"closed","ping_status":"closed","template":"","meta":{"site-sidebar-layout":"no-sidebar","site-content-layout":"","ast-site-content-layout":"full-width-container","site-content-style":"default","site-sidebar-style":"default","ast-global-header-display":"","ast-banner-title-visibility":"","ast-main-header-display":"","ast-hfb-above-header-display":"","ast-hfb-below-header-display":"","ast-hfb-mobile-header-display":"","site-post-title":"disabled","ast-breadcrumbs-content":"","ast-featured-img":"disabled","footer-sml-layout":"","theme-transparent-header-meta":"","adv-header-id-meta":"","stick-header-meta":"","header-above-stick-meta":"","header-main-stick-meta":"","header-below-stick-meta":"","astra-migrate-meta-layouts":"default","ast-page-background-enabled":"default","ast-page-background-meta":{"desktop":{"background-color":"var(--ast-global-color-5)","background-image":"","background-repeat":"repeat","background-position":"center center","background-size":"auto","background-attachment":"scroll","background-type":"","background-media":"","overlay-type":"","overlay-color":"","overlay-opacity":"","overlay-gradient":""},"tablet":{"background-color":"","background-image":"","background-repeat":"repeat","background-position":"center center","background-size":"auto","background-attachment":"scroll","background-type":"","background-media":"","overlay-type":"","overlay-color":"","overlay-opacity":"","overlay-gradient":""},"mobile":{"background-color":"","background-image":"","background-repeat":"repeat","background-position":"center center","background-size":"auto","background-attachment":"scroll","background-type":"","background-media":"","overlay-type":"","overlay-color":"","overlay-opacity":"","overlay-gradient":""}},"ast-content-background-meta":{"desktop":{"background-color":"var(--ast-global-color-4)","background-image":"","background-repeat":"repeat","background-position":"center center","background-size":"auto","background-attachment":"scroll","background-type":"","background-media":"","overlay-type":"","overlay-color":"","overlay-opacity":"","overlay-gradient":""},"tablet":{"background-color":"var(--ast-global-color-4)","background-image":"","background-repeat":"repeat","background-position":"center center","background-size":"auto","background-attachment":"scroll","background-type":"","background-media":"","overlay-type":"","overlay-color":"","overlay-opacity":"","overlay-gradient":""},"mobile":{"background-color":"var(--ast-global-color-4)","background-image":"","background-repeat":"repeat","background-position":"center center","background-size":"auto","background-attachment":"scroll","background-type":"","background-media":"","overlay-type":"","overlay-color":"","overlay-opacity":"","overlay-gradient":""}},"footnotes":""},"class_list":["post-912","page","type-page","status-publish","hentry"],"_links":{"self":[{"href":"https:\/\/emprevet.es\/index.php\/wp-json\/wp\/v2\/pages\/912","targetHints":{"allow":["GET"]}}],"collection":[{"href":"https:\/\/emprevet.es\/index.php\/wp-json\/wp\/v2\/pages"}],"about":[{"href":"https:\/\/emprevet.es\/index.php\/wp-json\/wp\/v2\/types\/page"}],"author":[{"embeddable":true,"href":"https:\/\/emprevet.es\/index.php\/wp-json\/wp\/v2\/users\/4"}],"replies":[{"embeddable":true,"href":"https:\/\/emprevet.es\/index.php\/wp-json\/wp\/v2\/comments?post=912"}],"version-history":[{"count":24,"href":"https:\/\/emprevet.es\/index.php\/wp-json\/wp\/v2\/pages\/912\/revisions"}],"predecessor-version":[{"id":1259,"href":"https:\/\/emprevet.es\/index.php\/wp-json\/wp\/v2\/pages\/912\/revisions\/1259"}],"up":[{"embeddable":true,"href":"https:\/\/emprevet.es\/index.php\/wp-json\/wp\/v2\/pages\/512"}],"wp:attachment":[{"href":"https:\/\/emprevet.es\/index.php\/wp-json\/wp\/v2\/media?parent=912"}],"curies":[{"name":"wp","href":"https:\/\/api.w.org\/{rel}","templated":true}]}}